{"id":21709,"date":"2011-09-01T15:19:45","date_gmt":"2011-09-01T17:19:45","guid":{"rendered":"https:\/\/www.stickel.com.br\/atc\/?page_id=21709"},"modified":"2025-11-16T12:00:41","modified_gmt":"2025-11-16T15:00:41","slug":"sobre-o-autor","status":"publish","type":"page","link":"https:\/\/stickel.com.br\/atc\/sobre-o-autor","title":{"rendered":"sobre o autor"},"content":{"rendered":"<p><img loading=\"lazy\" decoding=\"async\" src=\"https:\/\/stickel.com.br\/atc\/uploads\/fs-s-autor-1.jpg\" alt=\"\" width=\"709\" height=\"981\" class=\"alignleft size-full wp-image-34096\" srcset=\"https:\/\/stickel.com.br\/atc\/uploads\/fs-s-autor-1.jpg 709w, https:\/\/stickel.com.br\/atc\/uploads\/fs-s-autor-1-108x150.jpg 108w\" sizes=\"(max-width: 709px) 100vw, 709px\" \/><br \/>\nFernando Diederichsen Stickel, com os Jack Russell Bolt e Jimmy.<\/p>\n<p>Nasci em S\u00e3o Paulo SP na <a href=\"http:\/\/www.promatresp.com.br\">Pro Matre Paulista<\/a> em 6 Outubro 1948 \u00e0s 18:52h<\/p>\n<p>Meus pais Erico Jo\u00e3o Siriuba Stickel e Martha Diederichsen Stickel ambos de origem alem\u00e3 me educaram rigidamente, e aprendi o pouco de alem\u00e3o que sei principalmente no contato di\u00e1rio com nossa governanta Lina Johanna Dietze, conhecida por <a href=\"https:\/\/www.stickel.com.br\/atc\/?s=dietze\">Fr\u00e4ulein<\/a>, mas tamb\u00e9m com meus av\u00f3s paternos <a href=\"https:\/\/www.stickel.com.br\/atc\/tag\/arthur-stickel-avo\"> Erna e Arthur Stickel<\/a>.<\/p>\n<p>Nossa casa na <a href=\"https:\/\/www.stickel.com.br\/atc\/tag\/rua-dos-franceses\">R. dos Franceses<\/a> era cheia de livros, quadros, gravuras, esculturas, tapetes, era uma casa onde se ouvia m\u00fasica cl\u00e1ssica e n\u00e3o havia televis\u00e3o. Meus pais se relacionavam principalmente com arquitetos, m\u00fasicos, gente da arte e da cultura.<\/p>\n<p>Havia um piano no por\u00e3o, e por um breve per\u00edodo tamb\u00e9m um \u00f3rg\u00e3o el\u00e9trico Hammond, que meu pai tocava. O por\u00e3o, a garagem e o jardim permitiam brincadeiras de todos os tipos, minha inf\u00e2ncia e de meus irm\u00e3os foi basicamente dentro de casa, n\u00e3o havia conviv\u00eancia com vizinhos nem brincadeiras de rua.<\/p>\n<p>Toda minha viv\u00eancia de bairro e de rua se realizava na casa do meu amigo <a href=\"https:\/\/www.stickel.com.br\/atc\/tag\/klaus-foditsch\">Klaus Foditsch<\/a>, que morava na Rua Bar\u00e3o de Aguiar, ao lado do Aeroporto de Congonhas.<\/p>\n<p>Meu interesse por m\u00e1quinas, motores, bicicletas, carrinhos, tudo que andasse e tivesse motor j\u00e1 era evidente, e tanto perturbei meus pais que com 16 anos de idade ganhei uma <a href=\"https:\/\/www.stickel.com.br\/atc\/tag\/mondial\">Leonette 50cc<\/a>.<\/p>\n<p>Com cerca de 20 anos de idade iniciei aulas de desenho com Frederico Nasser, fato que mudou radicalmente minha vida, pois me lan\u00e7ou em velocidade supers\u00f4nica no mundo das artes, por conta deste pontap\u00e9 inicial os anos de 1968, 69, e toda a d\u00e9cada de 70 foram riqu\u00edssimos, e solidificaram minha paix\u00e3o pela <a href=\"https:\/\/www.stickel.com.br\/atc\/tag\/escola-brasil\">ARTE<\/a>.<\/p>\n<p>A partir da\u00ed a vida continuou com s\u00f3lidas escolhas e paix\u00f5es j\u00e1 encaminhadas\u2026<\/p>\n<p>Estudei em 1970 com Baravelli, Fajardo, Nasser e Resende na Escola Brasil: e formei-me pela FAU-USP em 1973.<\/p>\n<p>Nos anos 70 trabalhei como arquiteto e designer gr\u00e1fico, optando por uma carreira nas artes pl\u00e1sticas em 1980.<\/p>\n<p>Participei de in\u00fameras exposi\u00e7\u00f5es individuais e coletivas, recebendo em 1985 o Pr\u00eamio Aquisi\u00e7\u00e3o Desenho, no III Sal\u00e3o Paulista de Arte Contempor\u00e2nea.<\/p>\n<p>Fui nomeado para o Programa CAPES \/ FULBRIGHT de especializa\u00e7\u00e3o em Artes nos EUA, e morei em New York em 1984\/85.<\/p>\n<p>Dei aulas de desenho de observa\u00e7\u00e3o em meus est\u00fadios na Vila Ol\u00edmpia na R. Ribeir\u00e3o Claro e na R. Nova Cidade por 20 anos. Com An\u00edsio Campos promovemos o curso \u201cOficina de Design de Autom\u00f3vel\u201d em 1988, 1989 e 1990.<\/p>\n<p>Publiquei os livros: \u201caqui tem coisa\u201d (poesias e desenhos) pela Editora DBA em 1999; \u201cVila Ol\u00edmpia\u201d (fotos), pela Editora Terceiro Nome em 2006 e &#8220;Cl\u00e1ssicos&#8221; (fotos e pequenas hist\u00f3rias) pela Editora Madalena em 2020<\/p>\n<p>Ocupo desde 2004 a posi\u00e7\u00e3o de Diretor Presidente da <a href=\"http:\/\/fundacaostickel.org.br\">Funda\u00e7\u00e3o Stickel<\/a>, institui\u00e7\u00e3o sem fins lucrativos visando a transforma\u00e7\u00e3o de jovens e adultos atrav\u00e9s das artes visuais, nossa atua\u00e7\u00e3o concentra-se na Brasil\u00e2ndia e Vila Nova Cachoeirinha, distritos da zona Norte de S\u00e3o Paulo. Nosso lema ARTE TRANSFORMA!<\/p>\n<p>Em 2007 uma paix\u00e3o antiga finalmente encontrou espa\u00e7o para se desenvolver, a milit\u00e2ncia no universo dos carros cl\u00e1ssicos. Adquiri um Porsche 911 Carrera 1975 e meu envolvimento neste universo cresceu exponencialmente, me filiando a clubes e participando de rallies, passeios e eventos de antigomobilismo, no Brasil e no exterior. Depois vieram a Mercedes-Benz 280 SL 1970, o Porsche 911 S 1975 e a Mercedes-Benz 560 SEL 1989.<\/p>\n<p>Conclu\u00ed em 2009 MBA em Gest\u00e3o e Empreendedorismo Social pela FIA\/CEATS e em 2011 frequentei a Foundation School em Bertinoro, It\u00e1lia promovida pelo CAF \u2013 IDIS.<\/p>\n<p>Venho atuando ativamente no Terceiro Setor, participando de congressos, encontros e semin\u00e1rios.<\/p>\n<p>Optei pela fotografia em 2003, na sequ\u00eancia de 30 anos de carreira nas artes pl\u00e1sticas e ensino de desenho de observa\u00e7\u00e3o, e expus minhas fotos pela primeira vez na Pinacoteca do Estado de S\u00e3o Paulo em 2006, com curadoria de Di\u00f3genes Moura, com a s\u00e9rie <a href=\"https:\/\/www.stickel.com.br\/atc\/categorias\/vila-olimpia\">\u201cVila Ol\u00edmpia\u201d<\/a>.<\/p>\n<p>Minhas obras est\u00e3o em cole\u00e7\u00f5es p\u00fablicas e particulares, no Brasil e no exterior.<\/p>\n<p>Mantenho desde 2003 este blog \u201caqui tem coisa\u201d<\/p>\n<p>Estou casado com a Sandra e tenho os filhos Fernanda, Antonio e Arthur, e os netos Samuel, Ian, Noah e Pedro.<\/p>\n<p>Sandra e eu somos os pais do Jimmy Hendrix e do Bolt, ador\u00e1veis c\u00e3es da ra\u00e7a Jack Russell. Eles comandam as nossas vidas!<\/p>\n","protected":false},"excerpt":{"rendered":"<p>Fernando Diederichsen Stickel, com os Jack Russell Bolt e Jimmy. Nasci em S\u00e3o Paulo SP na Pro Matre Paulista em 6 Outubro 1948 \u00e0s 18:52h Meus pais Erico Jo\u00e3o Siriuba Stickel e Martha Diederichsen Stickel ambos de origem alem\u00e3 me educaram rigidamente, e aprendi o pouco de alem\u00e3o que sei principalmente no contato di\u00e1rio com [&hellip;]<\/p>\n","protected":false},"author":2,"featured_media":0,"parent":0,"menu_order":0,"comment_status":"open","ping_status":"open","template":"","meta":{"_exactmetrics_skip_tracking":false,"_exactmetrics_sitenote_active":false,"_exactmetrics_sitenote_note":"","_exactmetrics_sitenote_category":0,"footnotes":""},"acf_quotes":[],"_links":{"self":[{"href":"https:\/\/stickel.com.br\/atc\/wp-json\/wp\/v2\/pages\/21709"}],"collection":[{"href":"https:\/\/stickel.com.br\/atc\/wp-json\/wp\/v2\/pages"}],"about":[{"href":"https:\/\/stickel.com.br\/atc\/wp-json\/wp\/v2\/types\/page"}],"author":[{"embeddable":true,"href":"https:\/\/stickel.com.br\/atc\/wp-json\/wp\/v2\/users\/2"}],"replies":[{"embeddable":true,"href":"https:\/\/stickel.com.br\/atc\/wp-json\/wp\/v2\/comments?post=21709"}],"version-history":[{"count":49,"href":"https:\/\/stickel.com.br\/atc\/wp-json\/wp\/v2\/pages\/21709\/revisions"}],"predecessor-version":[{"id":42832,"href":"https:\/\/stickel.com.br\/atc\/wp-json\/wp\/v2\/pages\/21709\/revisions\/42832"}],"wp:attachment":[{"href":"https:\/\/stickel.com.br\/atc\/wp-json\/wp\/v2\/media?parent=21709"}],"curies":[{"name":"wp","href":"https:\/\/api.w.org\/{rel}","templated":true}]}}